{"id":11,"date":"2022-03-15T11:00:46","date_gmt":"2022-03-15T11:00:46","guid":{"rendered":"http:\/\/local-secure-appbox:8888\/?page_id=11"},"modified":"2023-10-19T11:18:47","modified_gmt":"2023-10-19T09:18:47","slug":"referenser","status":"publish","type":"page","link":"https:\/\/secureappbox.com\/sv\/hem\/om-oss\/referenser\/","title":{"rendered":"Referenser"},"content":{"rendered":"","protected":false},"excerpt":{"rendered":"","protected":false},"author":6,"featured_media":0,"parent":316,"menu_order":0,"comment_status":"closed","ping_status":"closed","template":"","meta":{"_acf_changed":false,"content-type":"","footnotes":""},"class_list":["post-11","page","type-page","status-publish","hentry"],"acf":[],"yoast_head":"<!-- This site is optimized with the Yoast SEO plugin v27.3 - https:\/\/yoast.com\/product\/yoast-seo-wordpress\/ -->\n<title>Referenser | s\u00e4ker digital kommunikation | SecureAppbox<\/title>\n<meta name=\"description\" content=\"Vi skyddar och krypterar flera hundra kunders digitala kommunikation. V\u00e5ra kunder utg\u00f6rs av stora transnationella bolag samt \u00e4ven mindre organisationer.\" \/>\n<meta name=\"robots\" content=\"index, follow, max-snippet:-1, max-image-preview:large, max-video-preview:-1\" \/>\n<link rel=\"canonical\" href=\"https:\/\/secureappbox.com\/sv\/hem\/om-oss\/referenser\/\" \/>\n<meta property=\"og:locale\" content=\"sv_SE\" \/>\n<meta property=\"og:type\" content=\"article\" \/>\n<meta property=\"og:title\" content=\"Referenser | s\u00e4ker digital kommunikation | SecureAppbox\" \/>\n<meta property=\"og:description\" content=\"Vi skyddar och krypterar flera hundra kunders digitala kommunikation. V\u00e5ra kunder utg\u00f6rs av stora transnationella bolag samt \u00e4ven mindre organisationer.\" \/>\n<meta property=\"og:url\" content=\"https:\/\/secureappbox.com\/sv\/hem\/om-oss\/referenser\/\" \/>\n<meta property=\"og:site_name\" content=\"SecureAppbox\" \/>\n<meta property=\"article:modified_time\" content=\"2023-10-19T09:18:47+00:00\" \/>\n<meta property=\"og:image\" content=\"https:\/\/secureappbox.com\/wp-content\/uploads\/2022\/04\/om-oss-edit-1.png\" \/>\n\t<meta property=\"og:image:width\" content=\"640\" \/>\n\t<meta property=\"og:image:height\" content=\"450\" \/>\n\t<meta property=\"og:image:type\" content=\"image\/png\" \/>\n<meta name=\"twitter:card\" content=\"summary_large_image\" \/>\n<script type=\"application\/ld+json\" class=\"yoast-schema-graph\">{\"@context\":\"https:\\\/\\\/schema.org\",\"@graph\":[{\"@type\":\"WebPage\",\"@id\":\"https:\\\/\\\/secureappbox.com\\\/sv\\\/hem\\\/om-oss\\\/referenser\\\/\",\"url\":\"https:\\\/\\\/secureappbox.com\\\/sv\\\/hem\\\/om-oss\\\/referenser\\\/\",\"name\":\"Referenser | s\u00e4ker digital kommunikation | SecureAppbox\",\"isPartOf\":{\"@id\":\"https:\\\/\\\/172.31.8.27\\\/#website\"},\"datePublished\":\"2022-03-15T11:00:46+00:00\",\"dateModified\":\"2023-10-19T09:18:47+00:00\",\"description\":\"Vi skyddar och krypterar flera hundra kunders digitala kommunikation. V\u00e5ra kunder utg\u00f6rs av stora transnationella bolag samt \u00e4ven mindre organisationer.\",\"breadcrumb\":{\"@id\":\"https:\\\/\\\/secureappbox.com\\\/sv\\\/hem\\\/om-oss\\\/referenser\\\/#breadcrumb\"},\"inLanguage\":\"sv-SE\",\"potentialAction\":[{\"@type\":\"ReadAction\",\"target\":[\"https:\\\/\\\/secureappbox.com\\\/sv\\\/hem\\\/om-oss\\\/referenser\\\/\"]}]},{\"@type\":\"BreadcrumbList\",\"@id\":\"https:\\\/\\\/secureappbox.com\\\/sv\\\/hem\\\/om-oss\\\/referenser\\\/#breadcrumb\",\"itemListElement\":[{\"@type\":\"ListItem\",\"position\":1,\"name\":\"Home\",\"item\":\"https:\\\/\\\/secureappbox.com\\\/sv\\\/\"},{\"@type\":\"ListItem\",\"position\":2,\"name\":\"Start\",\"item\":\"https:\\\/\\\/secureappbox.com\\\/sv\\\/\"},{\"@type\":\"ListItem\",\"position\":3,\"name\":\"Om oss\",\"item\":\"https:\\\/\\\/secureappbox.com\\\/sv\\\/hem\\\/om-oss\\\/\"},{\"@type\":\"ListItem\",\"position\":4,\"name\":\"Referenser\"}]},{\"@type\":\"WebSite\",\"@id\":\"https:\\\/\\\/172.31.8.27\\\/#website\",\"url\":\"https:\\\/\\\/172.31.8.27\\\/\",\"name\":\"SecureAppbox\",\"description\":\"\",\"publisher\":{\"@id\":\"https:\\\/\\\/172.31.8.27\\\/#organization\"},\"potentialAction\":[{\"@type\":\"SearchAction\",\"target\":{\"@type\":\"EntryPoint\",\"urlTemplate\":\"https:\\\/\\\/172.31.8.27\\\/?s={search_term_string}\"},\"query-input\":{\"@type\":\"PropertyValueSpecification\",\"valueRequired\":true,\"valueName\":\"search_term_string\"}}],\"inLanguage\":\"sv-SE\"},{\"@type\":\"Organization\",\"@id\":\"https:\\\/\\\/172.31.8.27\\\/#organization\",\"name\":\"SecureAppbox\",\"url\":\"https:\\\/\\\/172.31.8.27\\\/\",\"logo\":{\"@type\":\"ImageObject\",\"inLanguage\":\"sv-SE\",\"@id\":\"https:\\\/\\\/172.31.8.27\\\/#\\\/schema\\\/logo\\\/image\\\/\",\"url\":\"https:\\\/\\\/secureappbox.com\\\/wp-content\\\/uploads\\\/2022\\\/03\\\/logo_primary.png\",\"contentUrl\":\"https:\\\/\\\/secureappbox.com\\\/wp-content\\\/uploads\\\/2022\\\/03\\\/logo_primary.png\",\"width\":625,\"height\":288,\"caption\":\"SecureAppbox\"},\"image\":{\"@id\":\"https:\\\/\\\/172.31.8.27\\\/#\\\/schema\\\/logo\\\/image\\\/\"},\"sameAs\":[\"https:\\\/\\\/www.linkedin.com\\\/company\\\/secureappbox\"]}]}<\/script>\n<!-- \/ Yoast SEO plugin. -->","yoast_head_json":{"title":"Referenser | s\u00e4ker digital kommunikation | SecureAppbox","description":"Vi skyddar och krypterar flera hundra kunders digitala kommunikation. V\u00e5ra kunder utg\u00f6rs av stora transnationella bolag samt \u00e4ven mindre organisationer.","robots":{"index":"index","follow":"follow","max-snippet":"max-snippet:-1","max-image-preview":"max-image-preview:large","max-video-preview":"max-video-preview:-1"},"canonical":"https:\/\/secureappbox.com\/sv\/hem\/om-oss\/referenser\/","og_locale":"sv_SE","og_type":"article","og_title":"Referenser | s\u00e4ker digital kommunikation | SecureAppbox","og_description":"Vi skyddar och krypterar flera hundra kunders digitala kommunikation. V\u00e5ra kunder utg\u00f6rs av stora transnationella bolag samt \u00e4ven mindre organisationer.","og_url":"https:\/\/secureappbox.com\/sv\/hem\/om-oss\/referenser\/","og_site_name":"SecureAppbox","article_modified_time":"2023-10-19T09:18:47+00:00","og_image":[{"url":"https:\/\/secureappbox.com\/wp-content\/uploads\/2022\/04\/om-oss-edit-1.png","width":640,"height":450,"type":"image\/png"}],"twitter_card":"summary_large_image","schema":{"@context":"https:\/\/schema.org","@graph":[{"@type":"WebPage","@id":"https:\/\/secureappbox.com\/sv\/hem\/om-oss\/referenser\/","url":"https:\/\/secureappbox.com\/sv\/hem\/om-oss\/referenser\/","name":"Referenser | s\u00e4ker digital kommunikation | SecureAppbox","isPartOf":{"@id":"https:\/\/172.31.8.27\/#website"},"datePublished":"2022-03-15T11:00:46+00:00","dateModified":"2023-10-19T09:18:47+00:00","description":"Vi skyddar och krypterar flera hundra kunders digitala kommunikation. V\u00e5ra kunder utg\u00f6rs av stora transnationella bolag samt \u00e4ven mindre organisationer.","breadcrumb":{"@id":"https:\/\/secureappbox.com\/sv\/hem\/om-oss\/referenser\/#breadcrumb"},"inLanguage":"sv-SE","potentialAction":[{"@type":"ReadAction","target":["https:\/\/secureappbox.com\/sv\/hem\/om-oss\/referenser\/"]}]},{"@type":"BreadcrumbList","@id":"https:\/\/secureappbox.com\/sv\/hem\/om-oss\/referenser\/#breadcrumb","itemListElement":[{"@type":"ListItem","position":1,"name":"Home","item":"https:\/\/secureappbox.com\/sv\/"},{"@type":"ListItem","position":2,"name":"Start","item":"https:\/\/secureappbox.com\/sv\/"},{"@type":"ListItem","position":3,"name":"Om oss","item":"https:\/\/secureappbox.com\/sv\/hem\/om-oss\/"},{"@type":"ListItem","position":4,"name":"Referenser"}]},{"@type":"WebSite","@id":"https:\/\/172.31.8.27\/#website","url":"https:\/\/172.31.8.27\/","name":"SecureAppbox","description":"","publisher":{"@id":"https:\/\/172.31.8.27\/#organization"},"potentialAction":[{"@type":"SearchAction","target":{"@type":"EntryPoint","urlTemplate":"https:\/\/172.31.8.27\/?s={search_term_string}"},"query-input":{"@type":"PropertyValueSpecification","valueRequired":true,"valueName":"search_term_string"}}],"inLanguage":"sv-SE"},{"@type":"Organization","@id":"https:\/\/172.31.8.27\/#organization","name":"SecureAppbox","url":"https:\/\/172.31.8.27\/","logo":{"@type":"ImageObject","inLanguage":"sv-SE","@id":"https:\/\/172.31.8.27\/#\/schema\/logo\/image\/","url":"https:\/\/secureappbox.com\/wp-content\/uploads\/2022\/03\/logo_primary.png","contentUrl":"https:\/\/secureappbox.com\/wp-content\/uploads\/2022\/03\/logo_primary.png","width":625,"height":288,"caption":"SecureAppbox"},"image":{"@id":"https:\/\/172.31.8.27\/#\/schema\/logo\/image\/"},"sameAs":["https:\/\/www.linkedin.com\/company\/secureappbox"]}]}},"_links":{"self":[{"href":"https:\/\/secureappbox.com\/sv\/wp-json\/wp\/v2\/pages\/11","targetHints":{"allow":["GET"]}}],"collection":[{"href":"https:\/\/secureappbox.com\/sv\/wp-json\/wp\/v2\/pages"}],"about":[{"href":"https:\/\/secureappbox.com\/sv\/wp-json\/wp\/v2\/types\/page"}],"author":[{"embeddable":true,"href":"https:\/\/secureappbox.com\/sv\/wp-json\/wp\/v2\/users\/6"}],"replies":[{"embeddable":true,"href":"https:\/\/secureappbox.com\/sv\/wp-json\/wp\/v2\/comments?post=11"}],"version-history":[{"count":52,"href":"https:\/\/secureappbox.com\/sv\/wp-json\/wp\/v2\/pages\/11\/revisions"}],"predecessor-version":[{"id":5434,"href":"https:\/\/secureappbox.com\/sv\/wp-json\/wp\/v2\/pages\/11\/revisions\/5434"}],"up":[{"embeddable":true,"href":"https:\/\/secureappbox.com\/sv\/wp-json\/wp\/v2\/pages\/316"}],"wp:attachment":[{"href":"https:\/\/secureappbox.com\/sv\/wp-json\/wp\/v2\/media?parent=11"}],"curies":[{"name":"wp","href":"https:\/\/api.w.org\/{rel}","templated":true}]}}