{"id":3018,"date":"2022-06-08T09:10:01","date_gmt":"2022-06-08T07:10:01","guid":{"rendered":"https:\/\/secureappbox.com\/?page_id=3018"},"modified":"2023-04-03T11:15:13","modified_gmt":"2023-04-03T09:15:13","slug":"support-securemeetings","status":"publish","type":"page","link":"https:\/\/secureappbox.com\/sv\/support\/support-securemeetings\/","title":{"rendered":"Support SecureMeetings"},"content":{"rendered":"","protected":false},"excerpt":{"rendered":"","protected":false},"author":4,"featured_media":0,"parent":2978,"menu_order":0,"comment_status":"closed","ping_status":"closed","template":"","meta":{"_acf_changed":false,"content-type":"","footnotes":""},"class_list":["post-3018","page","type-page","status-publish","hentry"],"acf":[],"yoast_head":"<!-- This site is optimized with the Yoast SEO plugin v27.3 - https:\/\/yoast.com\/product\/yoast-seo-wordpress\/ -->\n<title>SecureMeetings Support | SecureAppbox<\/title>\n<meta name=\"description\" content=\"H\u00e4r finner du vanliga fr\u00e5gor och svar om v\u00e5r tj\u00e4nst SecureMeetings. V\u00e5r support finns tillg\u00e4nglig dygnet runt hela \u00e5ret.\" \/>\n<meta name=\"robots\" content=\"index, follow, max-snippet:-1, max-image-preview:large, max-video-preview:-1\" \/>\n<link rel=\"canonical\" href=\"https:\/\/secureappbox.com\/sv\/vara-tjanster\/sakravideomoten\/\" \/>\n<meta property=\"og:locale\" content=\"sv_SE\" \/>\n<meta property=\"og:type\" content=\"article\" \/>\n<meta property=\"og:title\" content=\"SecureMeetings Support | SecureAppbox\" \/>\n<meta property=\"og:description\" content=\"H\u00e4r finner du vanliga fr\u00e5gor och svar om v\u00e5r tj\u00e4nst SecureMeetings. V\u00e5r support finns tillg\u00e4nglig dygnet runt hela \u00e5ret.\" \/>\n<meta property=\"og:url\" content=\"https:\/\/secureappbox.com\/sv\/vara-tjanster\/sakravideomoten\/\" \/>\n<meta property=\"og:site_name\" content=\"SecureAppbox\" \/>\n<meta property=\"article:modified_time\" content=\"2023-04-03T09:15:13+00:00\" \/>\n<meta property=\"og:image\" content=\"https:\/\/secureappbox.com\/wp-content\/uploads\/2022\/04\/om-oss-edit-1.png\" \/>\n\t<meta property=\"og:image:width\" content=\"640\" \/>\n\t<meta property=\"og:image:height\" content=\"450\" \/>\n\t<meta property=\"og:image:type\" content=\"image\/png\" \/>\n<meta name=\"twitter:card\" content=\"summary_large_image\" \/>\n<script type=\"application\/ld+json\" class=\"yoast-schema-graph\">{\"@context\":\"https:\\\/\\\/schema.org\",\"@graph\":[{\"@type\":\"WebPage\",\"@id\":\"https:\\\/\\\/secureappbox.com\\\/sv\\\/support\\\/support-securemeetings\\\/\",\"url\":\"https:\\\/\\\/secureappbox.com\\\/sv\\\/vara-tjanster\\\/sakravideomoten\\\/\",\"name\":\"SecureMeetings Support | SecureAppbox\",\"isPartOf\":{\"@id\":\"https:\\\/\\\/172.31.8.27\\\/#website\"},\"datePublished\":\"2022-06-08T07:10:01+00:00\",\"dateModified\":\"2023-04-03T09:15:13+00:00\",\"description\":\"H\u00e4r finner du vanliga fr\u00e5gor och svar om v\u00e5r tj\u00e4nst SecureMeetings. V\u00e5r support finns tillg\u00e4nglig dygnet runt hela \u00e5ret.\",\"breadcrumb\":{\"@id\":\"https:\\\/\\\/secureappbox.com\\\/sv\\\/vara-tjanster\\\/sakravideomoten\\\/#breadcrumb\"},\"inLanguage\":\"sv-SE\",\"potentialAction\":[{\"@type\":\"ReadAction\",\"target\":[\"https:\\\/\\\/secureappbox.com\\\/sv\\\/vara-tjanster\\\/sakravideomoten\\\/\"]}]},{\"@type\":\"BreadcrumbList\",\"@id\":\"https:\\\/\\\/secureappbox.com\\\/sv\\\/vara-tjanster\\\/sakravideomoten\\\/#breadcrumb\",\"itemListElement\":[{\"@type\":\"ListItem\",\"position\":1,\"name\":\"Home\",\"item\":\"https:\\\/\\\/secureappbox.com\\\/sv\\\/\"},{\"@type\":\"ListItem\",\"position\":2,\"name\":\"Support\",\"item\":\"https:\\\/\\\/secureappbox.com\\\/sv\\\/support\\\/\"},{\"@type\":\"ListItem\",\"position\":3,\"name\":\"Support SecureMeetings\"}]},{\"@type\":\"WebSite\",\"@id\":\"https:\\\/\\\/172.31.8.27\\\/#website\",\"url\":\"https:\\\/\\\/172.31.8.27\\\/\",\"name\":\"SecureAppbox\",\"description\":\"\",\"publisher\":{\"@id\":\"https:\\\/\\\/172.31.8.27\\\/#organization\"},\"potentialAction\":[{\"@type\":\"SearchAction\",\"target\":{\"@type\":\"EntryPoint\",\"urlTemplate\":\"https:\\\/\\\/172.31.8.27\\\/?s={search_term_string}\"},\"query-input\":{\"@type\":\"PropertyValueSpecification\",\"valueRequired\":true,\"valueName\":\"search_term_string\"}}],\"inLanguage\":\"sv-SE\"},{\"@type\":\"Organization\",\"@id\":\"https:\\\/\\\/172.31.8.27\\\/#organization\",\"name\":\"SecureAppbox\",\"url\":\"https:\\\/\\\/172.31.8.27\\\/\",\"logo\":{\"@type\":\"ImageObject\",\"inLanguage\":\"sv-SE\",\"@id\":\"https:\\\/\\\/172.31.8.27\\\/#\\\/schema\\\/logo\\\/image\\\/\",\"url\":\"https:\\\/\\\/secureappbox.com\\\/wp-content\\\/uploads\\\/2022\\\/03\\\/logo_primary.png\",\"contentUrl\":\"https:\\\/\\\/secureappbox.com\\\/wp-content\\\/uploads\\\/2022\\\/03\\\/logo_primary.png\",\"width\":625,\"height\":288,\"caption\":\"SecureAppbox\"},\"image\":{\"@id\":\"https:\\\/\\\/172.31.8.27\\\/#\\\/schema\\\/logo\\\/image\\\/\"},\"sameAs\":[\"https:\\\/\\\/www.linkedin.com\\\/company\\\/secureappbox\"]}]}<\/script>\n<!-- \/ Yoast SEO plugin. -->","yoast_head_json":{"title":"SecureMeetings Support | SecureAppbox","description":"H\u00e4r finner du vanliga fr\u00e5gor och svar om v\u00e5r tj\u00e4nst SecureMeetings. V\u00e5r support finns tillg\u00e4nglig dygnet runt hela \u00e5ret.","robots":{"index":"index","follow":"follow","max-snippet":"max-snippet:-1","max-image-preview":"max-image-preview:large","max-video-preview":"max-video-preview:-1"},"canonical":"https:\/\/secureappbox.com\/sv\/vara-tjanster\/sakravideomoten\/","og_locale":"sv_SE","og_type":"article","og_title":"SecureMeetings Support | SecureAppbox","og_description":"H\u00e4r finner du vanliga fr\u00e5gor och svar om v\u00e5r tj\u00e4nst SecureMeetings. V\u00e5r support finns tillg\u00e4nglig dygnet runt hela \u00e5ret.","og_url":"https:\/\/secureappbox.com\/sv\/vara-tjanster\/sakravideomoten\/","og_site_name":"SecureAppbox","article_modified_time":"2023-04-03T09:15:13+00:00","og_image":[{"url":"https:\/\/secureappbox.com\/wp-content\/uploads\/2022\/04\/om-oss-edit-1.png","width":640,"height":450,"type":"image\/png"}],"twitter_card":"summary_large_image","schema":{"@context":"https:\/\/schema.org","@graph":[{"@type":"WebPage","@id":"https:\/\/secureappbox.com\/sv\/support\/support-securemeetings\/","url":"https:\/\/secureappbox.com\/sv\/vara-tjanster\/sakravideomoten\/","name":"SecureMeetings Support | SecureAppbox","isPartOf":{"@id":"https:\/\/172.31.8.27\/#website"},"datePublished":"2022-06-08T07:10:01+00:00","dateModified":"2023-04-03T09:15:13+00:00","description":"H\u00e4r finner du vanliga fr\u00e5gor och svar om v\u00e5r tj\u00e4nst SecureMeetings. V\u00e5r support finns tillg\u00e4nglig dygnet runt hela \u00e5ret.","breadcrumb":{"@id":"https:\/\/secureappbox.com\/sv\/vara-tjanster\/sakravideomoten\/#breadcrumb"},"inLanguage":"sv-SE","potentialAction":[{"@type":"ReadAction","target":["https:\/\/secureappbox.com\/sv\/vara-tjanster\/sakravideomoten\/"]}]},{"@type":"BreadcrumbList","@id":"https:\/\/secureappbox.com\/sv\/vara-tjanster\/sakravideomoten\/#breadcrumb","itemListElement":[{"@type":"ListItem","position":1,"name":"Home","item":"https:\/\/secureappbox.com\/sv\/"},{"@type":"ListItem","position":2,"name":"Support","item":"https:\/\/secureappbox.com\/sv\/support\/"},{"@type":"ListItem","position":3,"name":"Support SecureMeetings"}]},{"@type":"WebSite","@id":"https:\/\/172.31.8.27\/#website","url":"https:\/\/172.31.8.27\/","name":"SecureAppbox","description":"","publisher":{"@id":"https:\/\/172.31.8.27\/#organization"},"potentialAction":[{"@type":"SearchAction","target":{"@type":"EntryPoint","urlTemplate":"https:\/\/172.31.8.27\/?s={search_term_string}"},"query-input":{"@type":"PropertyValueSpecification","valueRequired":true,"valueName":"search_term_string"}}],"inLanguage":"sv-SE"},{"@type":"Organization","@id":"https:\/\/172.31.8.27\/#organization","name":"SecureAppbox","url":"https:\/\/172.31.8.27\/","logo":{"@type":"ImageObject","inLanguage":"sv-SE","@id":"https:\/\/172.31.8.27\/#\/schema\/logo\/image\/","url":"https:\/\/secureappbox.com\/wp-content\/uploads\/2022\/03\/logo_primary.png","contentUrl":"https:\/\/secureappbox.com\/wp-content\/uploads\/2022\/03\/logo_primary.png","width":625,"height":288,"caption":"SecureAppbox"},"image":{"@id":"https:\/\/172.31.8.27\/#\/schema\/logo\/image\/"},"sameAs":["https:\/\/www.linkedin.com\/company\/secureappbox"]}]}},"_links":{"self":[{"href":"https:\/\/secureappbox.com\/sv\/wp-json\/wp\/v2\/pages\/3018","targetHints":{"allow":["GET"]}}],"collection":[{"href":"https:\/\/secureappbox.com\/sv\/wp-json\/wp\/v2\/pages"}],"about":[{"href":"https:\/\/secureappbox.com\/sv\/wp-json\/wp\/v2\/types\/page"}],"author":[{"embeddable":true,"href":"https:\/\/secureappbox.com\/sv\/wp-json\/wp\/v2\/users\/4"}],"replies":[{"embeddable":true,"href":"https:\/\/secureappbox.com\/sv\/wp-json\/wp\/v2\/comments?post=3018"}],"version-history":[{"count":14,"href":"https:\/\/secureappbox.com\/sv\/wp-json\/wp\/v2\/pages\/3018\/revisions"}],"predecessor-version":[{"id":4867,"href":"https:\/\/secureappbox.com\/sv\/wp-json\/wp\/v2\/pages\/3018\/revisions\/4867"}],"up":[{"embeddable":true,"href":"https:\/\/secureappbox.com\/sv\/wp-json\/wp\/v2\/pages\/2978"}],"wp:attachment":[{"href":"https:\/\/secureappbox.com\/sv\/wp-json\/wp\/v2\/media?parent=3018"}],"curies":[{"name":"wp","href":"https:\/\/api.w.org\/{rel}","templated":true}]}}