{"id":591,"date":"2022-04-05T10:46:26","date_gmt":"2022-04-05T08:46:26","guid":{"rendered":"https:\/\/secureappbox.com\/?page_id=591"},"modified":"2023-05-05T10:15:40","modified_gmt":"2023-05-05T08:15:40","slug":"visselblasarsystem","status":"publish","type":"page","link":"https:\/\/secureappbox.com\/sv\/vara-tjanster\/visselblasarsystem\/","title":{"rendered":"SecureWhistle"},"content":{"rendered":"","protected":false},"excerpt":{"rendered":"","protected":false},"author":4,"featured_media":0,"parent":317,"menu_order":0,"comment_status":"closed","ping_status":"closed","template":"","meta":{"_acf_changed":false,"content-type":"","footnotes":""},"class_list":["post-591","page","type-page","status-publish","hentry"],"acf":[],"yoast_head":"<!-- This site is optimized with the Yoast SEO plugin v27.3 - https:\/\/yoast.com\/product\/yoast-seo-wordpress\/ -->\n<title>Visselbl\u00e5sarsystem | System f\u00f6r visselbl\u00e5sning | SecureAppbox<\/title>\n<meta name=\"description\" content=\"Med SecureWhistle skyddar man visselbl\u00e5sare och m\u00f6jligg\u00f6r anonym dialog med h\u00f6g sekretess och \u00e4r sj\u00e4lvklart i enlighet med GDPR.\" \/>\n<meta name=\"robots\" content=\"index, follow, max-snippet:-1, max-image-preview:large, max-video-preview:-1\" \/>\n<link rel=\"canonical\" href=\"https:\/\/secureappbox.com\/sv\/vara-tjanster\/visselblasarsystem\/\" \/>\n<meta property=\"og:locale\" content=\"sv_SE\" \/>\n<meta property=\"og:type\" content=\"article\" \/>\n<meta property=\"og:title\" content=\"Visselbl\u00e5sarsystem | System f\u00f6r visselbl\u00e5sning | SecureAppbox\" \/>\n<meta property=\"og:description\" content=\"Med SecureWhistle skyddar man visselbl\u00e5sare och m\u00f6jligg\u00f6r anonym dialog med h\u00f6g sekretess och \u00e4r sj\u00e4lvklart i enlighet med GDPR.\" \/>\n<meta property=\"og:url\" content=\"https:\/\/secureappbox.com\/sv\/vara-tjanster\/visselblasarsystem\/\" \/>\n<meta property=\"og:site_name\" content=\"SecureAppbox\" \/>\n<meta property=\"article:modified_time\" content=\"2023-05-05T08:15:40+00:00\" \/>\n<meta property=\"og:image\" content=\"https:\/\/secureappbox.com\/wp-content\/uploads\/2022\/04\/om-oss-edit-1.png\" \/>\n\t<meta property=\"og:image:width\" content=\"640\" \/>\n\t<meta property=\"og:image:height\" content=\"450\" \/>\n\t<meta property=\"og:image:type\" content=\"image\/png\" \/>\n<meta name=\"twitter:card\" content=\"summary_large_image\" \/>\n<script type=\"application\/ld+json\" class=\"yoast-schema-graph\">{\"@context\":\"https:\\\/\\\/schema.org\",\"@graph\":[{\"@type\":\"WebPage\",\"@id\":\"https:\\\/\\\/secureappbox.com\\\/sv\\\/vara-tjanster\\\/visselblasarsystem\\\/\",\"url\":\"https:\\\/\\\/secureappbox.com\\\/sv\\\/vara-tjanster\\\/visselblasarsystem\\\/\",\"name\":\"Visselbl\u00e5sarsystem | System f\u00f6r visselbl\u00e5sning | SecureAppbox\",\"isPartOf\":{\"@id\":\"https:\\\/\\\/172.31.8.27\\\/#website\"},\"datePublished\":\"2022-04-05T08:46:26+00:00\",\"dateModified\":\"2023-05-05T08:15:40+00:00\",\"description\":\"Med SecureWhistle skyddar man visselbl\u00e5sare och m\u00f6jligg\u00f6r anonym dialog med h\u00f6g sekretess och \u00e4r sj\u00e4lvklart i enlighet med GDPR.\",\"breadcrumb\":{\"@id\":\"https:\\\/\\\/secureappbox.com\\\/sv\\\/vara-tjanster\\\/visselblasarsystem\\\/#breadcrumb\"},\"inLanguage\":\"sv-SE\",\"potentialAction\":[{\"@type\":\"ReadAction\",\"target\":[\"https:\\\/\\\/secureappbox.com\\\/sv\\\/vara-tjanster\\\/visselblasarsystem\\\/\"]}]},{\"@type\":\"BreadcrumbList\",\"@id\":\"https:\\\/\\\/secureappbox.com\\\/sv\\\/vara-tjanster\\\/visselblasarsystem\\\/#breadcrumb\",\"itemListElement\":[{\"@type\":\"ListItem\",\"position\":1,\"name\":\"Home\",\"item\":\"https:\\\/\\\/secureappbox.com\\\/sv\\\/\"},{\"@type\":\"ListItem\",\"position\":2,\"name\":\"V\u00e5ra tj\u00e4nster\",\"item\":\"https:\\\/\\\/secureappbox.com\\\/sv\\\/vara-tjanster\\\/\"},{\"@type\":\"ListItem\",\"position\":3,\"name\":\"SecureWhistle\"}]},{\"@type\":\"WebSite\",\"@id\":\"https:\\\/\\\/172.31.8.27\\\/#website\",\"url\":\"https:\\\/\\\/172.31.8.27\\\/\",\"name\":\"SecureAppbox\",\"description\":\"\",\"publisher\":{\"@id\":\"https:\\\/\\\/172.31.8.27\\\/#organization\"},\"potentialAction\":[{\"@type\":\"SearchAction\",\"target\":{\"@type\":\"EntryPoint\",\"urlTemplate\":\"https:\\\/\\\/172.31.8.27\\\/?s={search_term_string}\"},\"query-input\":{\"@type\":\"PropertyValueSpecification\",\"valueRequired\":true,\"valueName\":\"search_term_string\"}}],\"inLanguage\":\"sv-SE\"},{\"@type\":\"Organization\",\"@id\":\"https:\\\/\\\/172.31.8.27\\\/#organization\",\"name\":\"SecureAppbox\",\"url\":\"https:\\\/\\\/172.31.8.27\\\/\",\"logo\":{\"@type\":\"ImageObject\",\"inLanguage\":\"sv-SE\",\"@id\":\"https:\\\/\\\/172.31.8.27\\\/#\\\/schema\\\/logo\\\/image\\\/\",\"url\":\"https:\\\/\\\/secureappbox.com\\\/wp-content\\\/uploads\\\/2022\\\/03\\\/logo_primary.png\",\"contentUrl\":\"https:\\\/\\\/secureappbox.com\\\/wp-content\\\/uploads\\\/2022\\\/03\\\/logo_primary.png\",\"width\":625,\"height\":288,\"caption\":\"SecureAppbox\"},\"image\":{\"@id\":\"https:\\\/\\\/172.31.8.27\\\/#\\\/schema\\\/logo\\\/image\\\/\"},\"sameAs\":[\"https:\\\/\\\/www.linkedin.com\\\/company\\\/secureappbox\"]}]}<\/script>\n<!-- \/ Yoast SEO plugin. -->","yoast_head_json":{"title":"Visselbl\u00e5sarsystem | System f\u00f6r visselbl\u00e5sning | SecureAppbox","description":"Med SecureWhistle skyddar man visselbl\u00e5sare och m\u00f6jligg\u00f6r anonym dialog med h\u00f6g sekretess och \u00e4r sj\u00e4lvklart i enlighet med GDPR.","robots":{"index":"index","follow":"follow","max-snippet":"max-snippet:-1","max-image-preview":"max-image-preview:large","max-video-preview":"max-video-preview:-1"},"canonical":"https:\/\/secureappbox.com\/sv\/vara-tjanster\/visselblasarsystem\/","og_locale":"sv_SE","og_type":"article","og_title":"Visselbl\u00e5sarsystem | System f\u00f6r visselbl\u00e5sning | SecureAppbox","og_description":"Med SecureWhistle skyddar man visselbl\u00e5sare och m\u00f6jligg\u00f6r anonym dialog med h\u00f6g sekretess och \u00e4r sj\u00e4lvklart i enlighet med GDPR.","og_url":"https:\/\/secureappbox.com\/sv\/vara-tjanster\/visselblasarsystem\/","og_site_name":"SecureAppbox","article_modified_time":"2023-05-05T08:15:40+00:00","og_image":[{"url":"https:\/\/secureappbox.com\/wp-content\/uploads\/2022\/04\/om-oss-edit-1.png","width":640,"height":450,"type":"image\/png"}],"twitter_card":"summary_large_image","schema":{"@context":"https:\/\/schema.org","@graph":[{"@type":"WebPage","@id":"https:\/\/secureappbox.com\/sv\/vara-tjanster\/visselblasarsystem\/","url":"https:\/\/secureappbox.com\/sv\/vara-tjanster\/visselblasarsystem\/","name":"Visselbl\u00e5sarsystem | System f\u00f6r visselbl\u00e5sning | SecureAppbox","isPartOf":{"@id":"https:\/\/172.31.8.27\/#website"},"datePublished":"2022-04-05T08:46:26+00:00","dateModified":"2023-05-05T08:15:40+00:00","description":"Med SecureWhistle skyddar man visselbl\u00e5sare och m\u00f6jligg\u00f6r anonym dialog med h\u00f6g sekretess och \u00e4r sj\u00e4lvklart i enlighet med GDPR.","breadcrumb":{"@id":"https:\/\/secureappbox.com\/sv\/vara-tjanster\/visselblasarsystem\/#breadcrumb"},"inLanguage":"sv-SE","potentialAction":[{"@type":"ReadAction","target":["https:\/\/secureappbox.com\/sv\/vara-tjanster\/visselblasarsystem\/"]}]},{"@type":"BreadcrumbList","@id":"https:\/\/secureappbox.com\/sv\/vara-tjanster\/visselblasarsystem\/#breadcrumb","itemListElement":[{"@type":"ListItem","position":1,"name":"Home","item":"https:\/\/secureappbox.com\/sv\/"},{"@type":"ListItem","position":2,"name":"V\u00e5ra tj\u00e4nster","item":"https:\/\/secureappbox.com\/sv\/vara-tjanster\/"},{"@type":"ListItem","position":3,"name":"SecureWhistle"}]},{"@type":"WebSite","@id":"https:\/\/172.31.8.27\/#website","url":"https:\/\/172.31.8.27\/","name":"SecureAppbox","description":"","publisher":{"@id":"https:\/\/172.31.8.27\/#organization"},"potentialAction":[{"@type":"SearchAction","target":{"@type":"EntryPoint","urlTemplate":"https:\/\/172.31.8.27\/?s={search_term_string}"},"query-input":{"@type":"PropertyValueSpecification","valueRequired":true,"valueName":"search_term_string"}}],"inLanguage":"sv-SE"},{"@type":"Organization","@id":"https:\/\/172.31.8.27\/#organization","name":"SecureAppbox","url":"https:\/\/172.31.8.27\/","logo":{"@type":"ImageObject","inLanguage":"sv-SE","@id":"https:\/\/172.31.8.27\/#\/schema\/logo\/image\/","url":"https:\/\/secureappbox.com\/wp-content\/uploads\/2022\/03\/logo_primary.png","contentUrl":"https:\/\/secureappbox.com\/wp-content\/uploads\/2022\/03\/logo_primary.png","width":625,"height":288,"caption":"SecureAppbox"},"image":{"@id":"https:\/\/172.31.8.27\/#\/schema\/logo\/image\/"},"sameAs":["https:\/\/www.linkedin.com\/company\/secureappbox"]}]}},"_links":{"self":[{"href":"https:\/\/secureappbox.com\/sv\/wp-json\/wp\/v2\/pages\/591","targetHints":{"allow":["GET"]}}],"collection":[{"href":"https:\/\/secureappbox.com\/sv\/wp-json\/wp\/v2\/pages"}],"about":[{"href":"https:\/\/secureappbox.com\/sv\/wp-json\/wp\/v2\/types\/page"}],"author":[{"embeddable":true,"href":"https:\/\/secureappbox.com\/sv\/wp-json\/wp\/v2\/users\/4"}],"replies":[{"embeddable":true,"href":"https:\/\/secureappbox.com\/sv\/wp-json\/wp\/v2\/comments?post=591"}],"version-history":[{"count":38,"href":"https:\/\/secureappbox.com\/sv\/wp-json\/wp\/v2\/pages\/591\/revisions"}],"predecessor-version":[{"id":5109,"href":"https:\/\/secureappbox.com\/sv\/wp-json\/wp\/v2\/pages\/591\/revisions\/5109"}],"up":[{"embeddable":true,"href":"https:\/\/secureappbox.com\/sv\/wp-json\/wp\/v2\/pages\/317"}],"wp:attachment":[{"href":"https:\/\/secureappbox.com\/sv\/wp-json\/wp\/v2\/media?parent=591"}],"curies":[{"name":"wp","href":"https:\/\/api.w.org\/{rel}","templated":true}]}}